{"id":295,"date":"2023-01-18T09:24:36","date_gmt":"2023-01-18T09:24:36","guid":{"rendered":"https:\/\/markakis.ca\/our-team\/"},"modified":"2023-02-13T14:42:34","modified_gmt":"2023-02-13T14:42:34","slug":"notre-equipe","status":"publish","type":"page","link":"https:\/\/markakis.ca\/fr\/notre-equipe\/","title":{"rendered":"Notre \u00e9quipe"},"content":{"rendered":"<p>[vc_row unlock_row_content=\u00a0\u00bbyes\u00a0\u00bb row_height_percent=\u00a0\u00bb0&Prime; overlay_alpha=\u00a0\u00bb50&Prime; gutter_size=\u00a0\u00bb3&Prime; column_width_percent=\u00a0\u00bb100&Prime; border_color=\u00a0\u00bbcolor-682070&Prime; border_style=\u00a0\u00bbsolid\u00a0\u00bb shift_y=\u00a0\u00bb0&Prime; z_index=\u00a0\u00bb0&Prime; uncode_shortcode_id=\u00a0\u00bb167943&Prime; css=\u00a0\u00bb.vc_custom_1675127745614{border-top-width: 10px !important;}\u00a0\u00bb border_color_type=\u00a0\u00bbuncode-palette\u00a0\u00bb][vc_column width=\u00a0\u00bb1\/1&Prime;][\/vc_column][\/vc_row][vc_row row_height_percent=\u00a0\u00bb0&Prime; override_padding=\u00a0\u00bbyes\u00a0\u00bb h_padding=\u00a0\u00bb2&Prime; top_padding=\u00a0\u00bb2&Prime; bottom_padding=\u00a0\u00bb5&Prime; overlay_alpha=\u00a0\u00bb50&Prime; gutter_size=\u00a0\u00bb3&Prime; column_width_percent=\u00a0\u00bb100&Prime; shift_y=\u00a0\u00bb0&Prime; z_index=\u00a0\u00bb0&Prime; uncode_shortcode_id=\u00a0\u00bb245077&Prime; el_class=\u00a0\u00bbteampage\u00a0\u00bb][vc_column width=\u00a0\u00bb4\/12&Prime;][vc_single_image media=\u00a0\u00bb243&Prime; media_width_percent=\u00a0\u00bb100&Prime; alignment=\u00a0\u00bbcenter\u00a0\u00bb uncode_shortcode_id=\u00a0\u00bb137454&Prime;][\/vc_column][vc_column column_width_percent=\u00a0\u00bb100&Prime; gutter_size=\u00a0\u00bb3&Prime; overlay_alpha=\u00a0\u00bb50&Prime; shift_x=\u00a0\u00bb2&Prime; shift_y=\u00a0\u00bb0&Prime; shift_y_down=\u00a0\u00bb0&Prime; z_index=\u00a0\u00bb0&Prime; medium_width=\u00a0\u00bb0&Prime; mobile_width=\u00a0\u00bb0&Prime; width=\u00a0\u00bb8\/12&Prime; uncode_shortcode_id=\u00a0\u00bb125379&Prime; el_class=\u00a0\u00bbdividerbottomcolor\u00a0\u00bb][vc_separator sep_color=\u00a0\u00bb\u00a0\u00bb uncode_shortcode_id=\u00a0\u00bb487281&Prime; sep_color_type=\u00a0\u00bbuncode-solid\u00a0\u00bb sep_color_solid=\u00a0\u00bb#c4c4c4&Prime; el_height=\u00a0\u00bb5px\u00a0\u00bb el_width=\u00a0\u00bb7%\u00a0\u00bb el_class=\u00a0\u00bbdividerbottomcolor\u00a0\u00bb][vc_raw_html]JTNDaDIlM0VBbmdlbGElMjBNYXJrYWtpcyUyQyUyMCUzQ3NwYW4lM0VCLkEuJTJDJTIwTEwuTC4lMkMlMjBMTC5CLiUzQyUyRnNwYW4lM0UlM0MlMkZoMiUzRQ==[\/vc_raw_html][vc_custom_heading text_color=\u00a0\u00bbcolor-682070&Prime; text_font=\u00a0\u00bbfont-966568&Prime; text_weight=\u00a0\u00bb300&Prime; uncode_shortcode_id=\u00a0\u00bb187146&Prime; text_color_type=\u00a0\u00bbuncode-palette\u00a0\u00bb el_class=\u00a0\u00bbtopmarginfix\u00a0\u00bb]Avocate, associ\u00e9e[\/vc_custom_heading][vc_column_text text_color=\u00a0\u00bbcolor-425233&Prime; uncode_shortcode_id=\u00a0\u00bb610702&Prime; text_color_type=\u00a0\u00bbuncode-palette\u00a0\u00bb el_class=\u00a0\u00bbtopmarginfix\u00a0\u00bb]Angela est associ\u00e9e du cabinet Markakis &amp; Cie inc., qu\u2019elle a fond\u00e9 apr\u00e8s avoir travaill\u00e9 comme avocate et associ\u00e9e au sein de bureaux d\u2019avocats r\u00e9gionaux r\u00e9put\u00e9s au Qu\u00e9bec.<\/p>\n<p>Durant ses 20 ans de pratique, Angela s\u2019est concentr\u00e9e sur la pratique du litige civil et commercial. Angela plaide r\u00e9guli\u00e8rement devant la Cour sup\u00e9rieure, tant en chambre civile que commerciale, la Cour d\u2019appel et la Cour du Qu\u00e9bec. Elle a d\u00e9velopp\u00e9 une expertise en mati\u00e8re de litiges contractuels, de louage commercial et de droit immobilier, de litiges entre actionnaires, de recours extraordinaires tels les injonctions et ordonnances de sauvegarde, ainsi qu\u2019en droit de l\u2019emploi, o\u00f9 elle repr\u00e9sente des employeurs ainsi que des cadres sup\u00e9rieurs.<\/p>\n<p>Angela offre \u00e9galement \u00e0 ses clients des conseils strat\u00e9giques d\u2019affaires en pr\u00e9vention de litige ou dans le cours normal de leurs affaires. De cette mani\u00e8re, sa relation avec ses clients va au-del\u00e0 de la simple prestation de services et vise plut\u00f4t la croissance et la valeur apport\u00e9e \u00e0 ceux-ci.<\/p>\n<p>En plus de sa pratique du droit, Angela s\u2019implique au sein de la soci\u00e9t\u00e9 en offrant des conseils juridiques pro bono \u00e0 des associations sportives locales et \u00e0 des organismes culturels et acad\u00e9miques.<\/p>\n<p><strong><a href=\"mailto:am@markakis.ca\">am@markakis.ca<\/a> \/ <a href=\"tel:(514) 458-2165\">(514) 458-2165<\/a><\/strong>[\/vc_column_text][\/vc_column][\/vc_row][vc_row row_height_percent=\u00a0\u00bb0&Prime; override_padding=\u00a0\u00bbyes\u00a0\u00bb h_padding=\u00a0\u00bb2&Prime; top_padding=\u00a0\u00bb2&Prime; bottom_padding=\u00a0\u00bb4&Prime; overlay_alpha=\u00a0\u00bb50&Prime; gutter_size=\u00a0\u00bb3&Prime; column_width_percent=\u00a0\u00bb100&Prime; shift_y=\u00a0\u00bb0&Prime; z_index=\u00a0\u00bb0&Prime; uncode_shortcode_id=\u00a0\u00bb177956&Prime; el_class=\u00a0\u00bbteampage\u00a0\u00bb][vc_column width=\u00a0\u00bb4\/12&Prime;][vc_single_image media=\u00a0\u00bb245&Prime; media_width_percent=\u00a0\u00bb100&Prime; alignment=\u00a0\u00bbcenter\u00a0\u00bb uncode_shortcode_id=\u00a0\u00bb122215&Prime;][\/vc_column][vc_column column_width_percent=\u00a0\u00bb100&Prime; gutter_size=\u00a0\u00bb3&Prime; overlay_alpha=\u00a0\u00bb50&Prime; shift_x=\u00a0\u00bb2&Prime; shift_y=\u00a0\u00bb0&Prime; shift_y_down=\u00a0\u00bb0&Prime; z_index=\u00a0\u00bb0&Prime; medium_width=\u00a0\u00bb0&Prime; mobile_width=\u00a0\u00bb0&Prime; width=\u00a0\u00bb8\/12&Prime; uncode_shortcode_id=\u00a0\u00bb125379&Prime; el_class=\u00a0\u00bbdividerbottomcolor\u00a0\u00bb][vc_separator sep_color=\u00a0\u00bb\u00a0\u00bb uncode_shortcode_id=\u00a0\u00bb487281&Prime; sep_color_type=\u00a0\u00bbuncode-solid\u00a0\u00bb sep_color_solid=\u00a0\u00bb#c4c4c4&Prime; el_height=\u00a0\u00bb5px\u00a0\u00bb el_width=\u00a0\u00bb7%\u00a0\u00bb el_class=\u00a0\u00bbdividerbottomcolor\u00a0\u00bb][vc_raw_html]JTNDaDIlM0VTYXJhaCUyMEJlbm5ldHQlMkMlMjAlM0NzcGFuJTNFTEwuQi4lM0MlMkZzcGFuJTNFJTNDJTJGaDIlM0U=[\/vc_raw_html][vc_custom_heading text_color=\u00a0\u00bbcolor-682070&Prime; text_font=\u00a0\u00bbfont-966568&Prime; text_weight=\u00a0\u00bb300&Prime; uncode_shortcode_id=\u00a0\u00bb473578&Prime; text_color_type=\u00a0\u00bbuncode-palette\u00a0\u00bb el_class=\u00a0\u00bbtopmarginfix\u00a0\u00bb]Avocate[\/vc_custom_heading][vc_column_text text_color=\u00a0\u00bbcolor-425233&Prime; uncode_shortcode_id=\u00a0\u00bb108192&Prime; text_color_type=\u00a0\u00bbuncode-palette\u00a0\u00bb el_class=\u00a0\u00bbtopmarginfix\u00a0\u00bb]Sarah est avocate au sein du cabinet Markakis &amp; Cie inc. Elle s\u2019est jointe \u00e0 l\u2019\u00e9quipe en 2018 en tant qu\u2019\u00e9tudiante en droit pour ensuite y compl\u00e9ter son stage du Barreau en 2021.<\/p>\n<p>Dans le cadre de ses \u00e9tudes, Sarah a saisi les opportunit\u00e9s d\u2019\u00e9tudier le droit \u00e0 l\u2019\u00e9tranger, soit en suivant des cours \u00e0 la China University of Political Science and Law en 2018 ainsi qu\u2019\u00e0 la Universit\u00e0 degli Studi di Milano en 2019. Au cours de son baccalaur\u00e9at, Sarah a \u00e9galement obtenu trois mentions d\u2019excellence ainsi que le prix d\u2019excellence du Barreau de Montr\u00e9al en droit civil.<\/p>\n<p>Sarah pratique maintenant le litige civil et commercial au sein du cabinet et s\u2019implique dans des mandats ponctuels en droit des autochtones et en droit fiscal.<\/p>\n<p><strong><a href=\"mailto:sb@markakis.ca\">sb@markakis.ca<\/a> \/ <a href=\"tel:(514) 777-7130\">(514) 777-7130<\/a><\/strong>[\/vc_column_text][\/vc_column][\/vc_row]<\/p>\n","protected":false},"excerpt":{"rendered":"<p>[vc_row unlock_row_content=\u00a0\u00bbyes\u00a0\u00bb row_height_percent=\u00a0\u00bb0&Prime; overlay_alpha=\u00a0\u00bb50&Prime; gutter_size=\u00a0\u00bb3&Prime; column_width_percent=\u00a0\u00bb100&Prime; border_color=\u00a0\u00bbcolor-682070&Prime; border_style=\u00a0\u00bbsolid\u00a0\u00bb shift_y=\u00a0\u00bb0&Prime; z_index=\u00a0\u00bb0&Prime; uncode_shortcode_id=\u00a0\u00bb167943&Prime; css=\u00a0\u00bb.vc_custom_1675127745614{border-top-width: 10px !important;}\u00a0\u00bb border_color_type=\u00a0\u00bbuncode-palette\u00a0\u00bb][vc_column width=\u00a0\u00bb1\/1&Prime;][\/vc_column][\/vc_row][vc_row row_height_percent=\u00a0\u00bb0&Prime; override_padding=\u00a0\u00bbyes\u00a0\u00bb h_padding=\u00a0\u00bb2&Prime; top_padding=\u00a0\u00bb2&Prime; [&hellip;]<\/p>\n","protected":false},"author":1,"featured_media":0,"parent":0,"menu_order":0,"comment_status":"closed","ping_status":"open","template":"","meta":{"footnotes":""},"class_list":["post-295","page","type-page","status-publish","hentry"],"yoast_head":"<!-- This site is optimized with the Yoast SEO plugin v20.1 - https:\/\/yoast.com\/wordpress\/plugins\/seo\/ -->\n<title>Notre \u00e9quipe - Markakis &amp; Co. Inc<\/title>\n<meta name=\"robots\" content=\"index, follow, max-snippet:-1, max-image-preview:large, max-video-preview:-1\" \/>\n<link rel=\"canonical\" href=\"https:\/\/markakis.ca\/fr\/notre-equipe\/\" \/>\n<meta property=\"og:locale\" content=\"fr_FR\" \/>\n<meta property=\"og:type\" content=\"article\" \/>\n<meta property=\"og:title\" content=\"Notre \u00e9quipe - Markakis &amp; Co. Inc\" \/>\n<meta property=\"og:description\" content=\"[vc_row unlock_row_content=\u00a0\u00bbyes\u00a0\u00bb row_height_percent=\u00a0\u00bb0&Prime; overlay_alpha=\u00a0\u00bb50&Prime; gutter_size=\u00a0\u00bb3&Prime; column_width_percent=\u00a0\u00bb100&Prime; border_color=\u00a0\u00bbcolor-682070&Prime; border_style=\u00a0\u00bbsolid\u00a0\u00bb shift_y=\u00a0\u00bb0&Prime; z_index=\u00a0\u00bb0&Prime; uncode_shortcode_id=\u00a0\u00bb167943&Prime; css=\u00a0\u00bb.vc_custom_1675127745614{border-top-width: 10px !important;}\u00a0\u00bb border_color_type=\u00a0\u00bbuncode-palette\u00a0\u00bb][vc_column width=\u00a0\u00bb1\/1&Prime;][\/vc_column][\/vc_row][vc_row row_height_percent=\u00a0\u00bb0&Prime; override_padding=\u00a0\u00bbyes\u00a0\u00bb h_padding=\u00a0\u00bb2&Prime; top_padding=\u00a0\u00bb2&Prime; [&hellip;]\" \/>\n<meta property=\"og:url\" content=\"https:\/\/markakis.ca\/fr\/notre-equipe\/\" \/>\n<meta property=\"og:site_name\" content=\"Markakis &amp; Co. Inc\" \/>\n<meta property=\"article:modified_time\" content=\"2023-02-13T14:42:34+00:00\" \/>\n<meta name=\"twitter:card\" content=\"summary_large_image\" \/>\n<meta name=\"twitter:label1\" content=\"Dur\u00e9e de lecture estim\u00e9e\" \/>\n\t<meta name=\"twitter:data1\" content=\"4 minutes\" \/>\n<script type=\"application\/ld+json\" class=\"yoast-schema-graph\">{\"@context\":\"https:\/\/schema.org\",\"@graph\":[{\"@type\":\"WebPage\",\"@id\":\"https:\/\/markakis.ca\/fr\/notre-equipe\/\",\"url\":\"https:\/\/markakis.ca\/fr\/notre-equipe\/\",\"name\":\"Notre \u00e9quipe - Markakis &amp; Co. Inc\",\"isPartOf\":{\"@id\":\"https:\/\/markakis.ca\/#website\"},\"datePublished\":\"2023-01-18T09:24:36+00:00\",\"dateModified\":\"2023-02-13T14:42:34+00:00\",\"breadcrumb\":{\"@id\":\"https:\/\/markakis.ca\/fr\/notre-equipe\/#breadcrumb\"},\"inLanguage\":\"fr-FR\",\"potentialAction\":[{\"@type\":\"ReadAction\",\"target\":[\"https:\/\/markakis.ca\/fr\/notre-equipe\/\"]}]},{\"@type\":\"BreadcrumbList\",\"@id\":\"https:\/\/markakis.ca\/fr\/notre-equipe\/#breadcrumb\",\"itemListElement\":[{\"@type\":\"ListItem\",\"position\":1,\"name\":\"Home\",\"item\":\"https:\/\/markakis.ca\/fr\/\"},{\"@type\":\"ListItem\",\"position\":2,\"name\":\"Notre \u00e9quipe\"}]},{\"@type\":\"WebSite\",\"@id\":\"https:\/\/markakis.ca\/#website\",\"url\":\"https:\/\/markakis.ca\/\",\"name\":\"Markakis & Co. Inc.\",\"description\":\"Markakis &amp; Co. Inc, is a Business Law Practice located in Montreal, Canada.\",\"publisher\":{\"@id\":\"https:\/\/markakis.ca\/#organization\"},\"potentialAction\":[{\"@type\":\"SearchAction\",\"target\":{\"@type\":\"EntryPoint\",\"urlTemplate\":\"https:\/\/markakis.ca\/?s={search_term_string}\"},\"query-input\":\"required name=search_term_string\"}],\"inLanguage\":\"fr-FR\"},{\"@type\":\"Organization\",\"@id\":\"https:\/\/markakis.ca\/#organization\",\"name\":\"Markakis & Co. Inc.\",\"url\":\"https:\/\/markakis.ca\/\",\"logo\":{\"@type\":\"ImageObject\",\"inLanguage\":\"fr-FR\",\"@id\":\"https:\/\/markakis.ca\/#\/schema\/logo\/image\/\",\"url\":\"https:\/\/markakis.ca\/wp-content\/uploads\/2023\/02\/Markakis-Logo.png\",\"contentUrl\":\"https:\/\/markakis.ca\/wp-content\/uploads\/2023\/02\/Markakis-Logo.png\",\"width\":1000,\"height\":486,\"caption\":\"Markakis & Co. Inc.\"},\"image\":{\"@id\":\"https:\/\/markakis.ca\/#\/schema\/logo\/image\/\"},\"sameAs\":[\"https:\/\/www.linkedin.com\/in\/angela-markakis-68187b\/\"]}]}<\/script>\n<!-- \/ Yoast SEO plugin. -->","yoast_head_json":{"title":"Notre \u00e9quipe - Markakis &amp; Co. Inc","robots":{"index":"index","follow":"follow","max-snippet":"max-snippet:-1","max-image-preview":"max-image-preview:large","max-video-preview":"max-video-preview:-1"},"canonical":"https:\/\/markakis.ca\/fr\/notre-equipe\/","og_locale":"fr_FR","og_type":"article","og_title":"Notre \u00e9quipe - Markakis &amp; Co. Inc","og_description":"[vc_row unlock_row_content=\u00a0\u00bbyes\u00a0\u00bb row_height_percent=\u00a0\u00bb0&Prime; overlay_alpha=\u00a0\u00bb50&Prime; gutter_size=\u00a0\u00bb3&Prime; column_width_percent=\u00a0\u00bb100&Prime; border_color=\u00a0\u00bbcolor-682070&Prime; border_style=\u00a0\u00bbsolid\u00a0\u00bb shift_y=\u00a0\u00bb0&Prime; z_index=\u00a0\u00bb0&Prime; uncode_shortcode_id=\u00a0\u00bb167943&Prime; css=\u00a0\u00bb.vc_custom_1675127745614{border-top-width: 10px !important;}\u00a0\u00bb border_color_type=\u00a0\u00bbuncode-palette\u00a0\u00bb][vc_column width=\u00a0\u00bb1\/1&Prime;][\/vc_column][\/vc_row][vc_row row_height_percent=\u00a0\u00bb0&Prime; override_padding=\u00a0\u00bbyes\u00a0\u00bb h_padding=\u00a0\u00bb2&Prime; top_padding=\u00a0\u00bb2&Prime; [&hellip;]","og_url":"https:\/\/markakis.ca\/fr\/notre-equipe\/","og_site_name":"Markakis &amp; Co. Inc","article_modified_time":"2023-02-13T14:42:34+00:00","twitter_card":"summary_large_image","twitter_misc":{"Dur\u00e9e de lecture estim\u00e9e":"4 minutes"},"schema":{"@context":"https:\/\/schema.org","@graph":[{"@type":"WebPage","@id":"https:\/\/markakis.ca\/fr\/notre-equipe\/","url":"https:\/\/markakis.ca\/fr\/notre-equipe\/","name":"Notre \u00e9quipe - Markakis &amp; Co. Inc","isPartOf":{"@id":"https:\/\/markakis.ca\/#website"},"datePublished":"2023-01-18T09:24:36+00:00","dateModified":"2023-02-13T14:42:34+00:00","breadcrumb":{"@id":"https:\/\/markakis.ca\/fr\/notre-equipe\/#breadcrumb"},"inLanguage":"fr-FR","potentialAction":[{"@type":"ReadAction","target":["https:\/\/markakis.ca\/fr\/notre-equipe\/"]}]},{"@type":"BreadcrumbList","@id":"https:\/\/markakis.ca\/fr\/notre-equipe\/#breadcrumb","itemListElement":[{"@type":"ListItem","position":1,"name":"Home","item":"https:\/\/markakis.ca\/fr\/"},{"@type":"ListItem","position":2,"name":"Notre \u00e9quipe"}]},{"@type":"WebSite","@id":"https:\/\/markakis.ca\/#website","url":"https:\/\/markakis.ca\/","name":"Markakis & Co. Inc.","description":"Markakis &amp; Co. Inc, is a Business Law Practice located in Montreal, Canada.","publisher":{"@id":"https:\/\/markakis.ca\/#organization"},"potentialAction":[{"@type":"SearchAction","target":{"@type":"EntryPoint","urlTemplate":"https:\/\/markakis.ca\/?s={search_term_string}"},"query-input":"required name=search_term_string"}],"inLanguage":"fr-FR"},{"@type":"Organization","@id":"https:\/\/markakis.ca\/#organization","name":"Markakis & Co. Inc.","url":"https:\/\/markakis.ca\/","logo":{"@type":"ImageObject","inLanguage":"fr-FR","@id":"https:\/\/markakis.ca\/#\/schema\/logo\/image\/","url":"https:\/\/markakis.ca\/wp-content\/uploads\/2023\/02\/Markakis-Logo.png","contentUrl":"https:\/\/markakis.ca\/wp-content\/uploads\/2023\/02\/Markakis-Logo.png","width":1000,"height":486,"caption":"Markakis & Co. Inc."},"image":{"@id":"https:\/\/markakis.ca\/#\/schema\/logo\/image\/"},"sameAs":["https:\/\/www.linkedin.com\/in\/angela-markakis-68187b\/"]}]}},"_links":{"self":[{"href":"https:\/\/markakis.ca\/fr\/wp-json\/wp\/v2\/pages\/295","targetHints":{"allow":["GET"]}}],"collection":[{"href":"https:\/\/markakis.ca\/fr\/wp-json\/wp\/v2\/pages"}],"about":[{"href":"https:\/\/markakis.ca\/fr\/wp-json\/wp\/v2\/types\/page"}],"author":[{"embeddable":true,"href":"https:\/\/markakis.ca\/fr\/wp-json\/wp\/v2\/users\/1"}],"replies":[{"embeddable":true,"href":"https:\/\/markakis.ca\/fr\/wp-json\/wp\/v2\/comments?post=295"}],"version-history":[{"count":6,"href":"https:\/\/markakis.ca\/fr\/wp-json\/wp\/v2\/pages\/295\/revisions"}],"predecessor-version":[{"id":328,"href":"https:\/\/markakis.ca\/fr\/wp-json\/wp\/v2\/pages\/295\/revisions\/328"}],"wp:attachment":[{"href":"https:\/\/markakis.ca\/fr\/wp-json\/wp\/v2\/media?parent=295"}],"curies":[{"name":"wp","href":"https:\/\/api.w.org\/{rel}","templated":true}]}}