{"id":283,"date":"2023-02-03T17:18:32","date_gmt":"2023-02-03T17:18:32","guid":{"rendered":"https:\/\/markakis.ca\/?page_id=283"},"modified":"2023-02-19T20:05:21","modified_gmt":"2023-02-19T20:05:21","slug":"home","status":"publish","type":"page","link":"https:\/\/markakis.ca\/fr\/","title":{"rendered":"Home"},"content":{"rendered":"<p>[vc_row unlock_row_content=\u00a0\u00bbyes\u00a0\u00bb row_height_percent=\u00a0\u00bb0&Prime; overlay_alpha=\u00a0\u00bb50&Prime; gutter_size=\u00a0\u00bb3&Prime; column_width_percent=\u00a0\u00bb100&Prime; border_color=\u00a0\u00bbcolor-682070&Prime; border_style=\u00a0\u00bbsolid\u00a0\u00bb shift_y=\u00a0\u00bb0&Prime; z_index=\u00a0\u00bb0&Prime; uncode_shortcode_id=\u00a0\u00bb161576&Prime; css=\u00a0\u00bb.vc_custom_1673961707291{border-top-width: 10px !important;}\u00a0\u00bb border_color_type=\u00a0\u00bbuncode-palette\u00a0\u00bb][vc_column width=\u00a0\u00bb1\/1&Prime;][\/vc_column][\/vc_row][vc_row row_height_percent=\u00a0\u00bb0&Prime; overlay_alpha=\u00a0\u00bb50&Prime; gutter_size=\u00a0\u00bb3&Prime; column_width_percent=\u00a0\u00bb100&Prime; shift_y=\u00a0\u00bb0&Prime; z_index=\u00a0\u00bb0&Prime; uncode_shortcode_id=\u00a0\u00bb438362&Prime;][vc_column column_width_percent=\u00a0\u00bb100&Prime; position_vertical=\u00a0\u00bbmiddle\u00a0\u00bb gutter_size=\u00a0\u00bb3&Prime; overlay_alpha=\u00a0\u00bb50&Prime; shift_x=\u00a0\u00bb0&Prime; shift_y=\u00a0\u00bb0&Prime; shift_y_down=\u00a0\u00bb0&Prime; z_index=\u00a0\u00bb0&Prime; medium_width=\u00a0\u00bb0&Prime; mobile_width=\u00a0\u00bb0&Prime; width=\u00a0\u00bb4\/12&Prime; uncode_shortcode_id=\u00a0\u00bb213549&Prime;][vc_custom_heading text_color=\u00a0\u00bbcolor-425233&Prime; heading_semantic=\u00a0\u00bbh1&Prime; text_size=\u00a0\u00bbh1&Prime; uncode_shortcode_id=\u00a0\u00bb181313&Prime; text_color_type=\u00a0\u00bbuncode-palette\u00a0\u00bb]Une structure flexible et comp\u00e9titive tout en maintenant rigueur et cr\u00e9ativit\u00e9[\/vc_custom_heading][vc_button button_color=\u00a0\u00bbcolor-682070&Prime; hover_fx=\u00a0\u00bboutlined\u00a0\u00bb outline=\u00a0\u00bbyes\u00a0\u00bb custom_typo=\u00a0\u00bbyes\u00a0\u00bb font_family=\u00a0\u00bbfont-513521&Prime; font_weight=\u00a0\u00bb500&Prime; border_width=\u00a0\u00bb0&Prime; button_color_type=\u00a0\u00bbuncode-palette\u00a0\u00bb uncode_shortcode_id=\u00a0\u00bb209412&Prime; link=\u00a0\u00bburl:https%3A%2F%2Fmarkakis.ca%2Ffr%2Fnotre-equipe%2F|title:Our%20Team\u00a0\u00bb]D\u00c9COUVREZ NOTRE \u00c9QUIPE[\/vc_button][\/vc_column][vc_column width=\u00a0\u00bb1\/12&Prime;][\/vc_column][vc_column width=\u00a0\u00bb7\/12&Prime;][vc_single_image media=\u00a0\u00bb35&Prime; media_width_percent=\u00a0\u00bb100&Prime; alignment=\u00a0\u00bbcenter\u00a0\u00bb uncode_shortcode_id=\u00a0\u00bb198952&Prime;][\/vc_column][\/vc_row][vc_row row_height_percent=\u00a0\u00bb0&Prime; overlay_alpha=\u00a0\u00bb50&Prime; gutter_size=\u00a0\u00bb3&Prime; column_width_percent=\u00a0\u00bb100&Prime; shift_y=\u00a0\u00bb0&Prime; z_index=\u00a0\u00bb0&Prime; uncode_shortcode_id=\u00a0\u00bb112415&Prime; el_class=\u00a0\u00bbdividerbottomcolor\u00a0\u00bb][vc_column width=\u00a0\u00bb1\/1&Prime;][vc_separator sep_color=\u00a0\u00bb\u00a0\u00bb uncode_shortcode_id=\u00a0\u00bb967489&Prime; sep_color_type=\u00a0\u00bbuncode-solid\u00a0\u00bb sep_color_solid=\u00a0\u00bb#c4c4c4&Prime; el_height=\u00a0\u00bb5px\u00a0\u00bb el_width=\u00a0\u00bb7%\u00a0\u00bb][vc_custom_heading text_color=\u00a0\u00bbcolor-425233&Prime; heading_semantic=\u00a0\u00bbh4&Prime; text_font=\u00a0\u00bbfont-966568&Prime; text_size=\u00a0\u00bbh4&Prime; text_weight=\u00a0\u00bb400&Prime; uncode_shortcode_id=\u00a0\u00bb103729&Prime; text_color_type=\u00a0\u00bbuncode-palette\u00a0\u00bb]Le cabinet[\/vc_custom_heading][\/vc_column][\/vc_row][vc_row row_height_percent=\u00a0\u00bb0&Prime; override_padding=\u00a0\u00bbyes\u00a0\u00bb h_padding=\u00a0\u00bb2&Prime; top_padding=\u00a0\u00bb0&Prime; bottom_padding=\u00a0\u00bb2&Prime; overlay_alpha=\u00a0\u00bb50&Prime; gutter_size=\u00a0\u00bb3&Prime; column_width_percent=\u00a0\u00bb100&Prime; shift_y=\u00a0\u00bb0&Prime; z_index=\u00a0\u00bb0&Prime; uncode_shortcode_id=\u00a0\u00bb174521&Prime;][vc_column width=\u00a0\u00bb1\/2&Prime;][vc_column_text text_color=\u00a0\u00bbcolor-425233&Prime; uncode_shortcode_id=\u00a0\u00bb136883&Prime; text_color_type=\u00a0\u00bbuncode-palette\u00a0\u00bb]<\/p>\n<p class=\"paragraph\"><span class=\"normaltextrun\">Forte de sa vingtaine d\u2019ann\u00e9es d\u2019exp\u00e9rience en droit des affaires, Angela a fond\u00e9 le cabinet en 2018 en vue d\u2019am\u00e9liorer la qualit\u00e9 des services offerts \u00e0 ses clients gr\u00e2ce \u00e0 une structure plus flexible et moins traditionnelle.<\/span><span class=\"eop\">\u00a0\u00a0<\/span><\/p>\n<p class=\"paragraph\"><span class=\"normaltextrun\">Notre approche moderne du droit nous permet d\u2019offrir des services l\u00e9gaux personnalis\u00e9s, adapt\u00e9s aux besoins et aux int\u00e9r\u00eats de chaque client. Ainsi, nos clients b\u00e9n\u00e9ficient d\u2019une structure plus flexible et comp\u00e9titive tout en maintenant rigueur et cr\u00e9ativit\u00e9.<\/span><span class=\"eop\">\u00a0<\/span><\/p>\n<p>[\/vc_column_text][\/vc_column][vc_column width=\u00a0\u00bb1\/2&Prime;][vc_column_text text_color=\u00a0\u00bbcolor-425233&Prime; uncode_shortcode_id=\u00a0\u00bb200588&Prime; text_color_type=\u00a0\u00bbuncode-palette\u00a0\u00bb]<\/p>\n<p class=\"paragraph\"><span class=\"normaltextrun\">En plus d\u2019\u00eatre votre conseiller juridique, nous sommes votre partenaire d\u2019affaires, notre pratique \u00e9tant d\u00e9finie par notre volont\u00e9 de faire une diff\u00e9rence et d\u2019avoir un impact positif sur nos clients.<\/span><span class=\"eop\">\u00a0<\/span><\/p>\n<p class=\"paragraph\"><span class=\"normaltextrun\">Nous assistons donc nos clients dans leurs activit\u00e9s quotidiennes en trouvant des solutions juridiques et pratiques \u00e0 leurs probl\u00e8mes, sur la base d&rsquo;une vision \u00e0 long terme de leurs besoins et de leurs objectifs. Nous aspirons \u00e0 encourager une relation d\u2019affaires solide avec vous, bas\u00e9e sur la confiance, l\u2019authenticit\u00e9 et l\u2019int\u00e9grit\u00e9.<\/span><span class=\"eop\">\u00a0<\/span><\/p>\n<p>[\/vc_column_text][\/vc_column][\/vc_row][vc_row row_height_percent=\u00a0\u00bb0&Prime; override_padding=\u00a0\u00bbyes\u00a0\u00bb h_padding=\u00a0\u00bb2&Prime; top_padding=\u00a0\u00bb2&Prime; bottom_padding=\u00a0\u00bb4&Prime; overlay_alpha=\u00a0\u00bb50&Prime; gutter_size=\u00a0\u00bb3&Prime; column_width_percent=\u00a0\u00bb100&Prime; shift_y=\u00a0\u00bb0&Prime; z_index=\u00a0\u00bb0&Prime; uncode_shortcode_id=\u00a0\u00bb151363&Prime;][vc_column width=\u00a0\u00bb7\/12&Prime;][vc_single_image media=\u00a0\u00bb51&Prime; media_width_percent=\u00a0\u00bb100&Prime; alignment=\u00a0\u00bbcenter\u00a0\u00bb uncode_shortcode_id=\u00a0\u00bb923787&Prime;][\/vc_column][vc_column width=\u00a0\u00bb1\/12&Prime;][\/vc_column][vc_column column_width_percent=\u00a0\u00bb100&Prime; position_vertical=\u00a0\u00bbmiddle\u00a0\u00bb gutter_size=\u00a0\u00bb3&Prime; overlay_alpha=\u00a0\u00bb50&Prime; shift_x=\u00a0\u00bb0&Prime; shift_y=\u00a0\u00bb0&Prime; shift_y_down=\u00a0\u00bb0&Prime; z_index=\u00a0\u00bb0&Prime; medium_width=\u00a0\u00bb0&Prime; mobile_width=\u00a0\u00bb0&Prime; width=\u00a0\u00bb4\/12&Prime; uncode_shortcode_id=\u00a0\u00bb213549&Prime;][vc_custom_heading text_color=\u00a0\u00bbcolor-425233&Prime; heading_semantic=\u00a0\u00bbh1&Prime; text_size=\u00a0\u00bbh1&Prime; uncode_shortcode_id=\u00a0\u00bb498533&Prime; text_color_type=\u00a0\u00bbuncode-palette\u00a0\u00bb]Nous sommes votre partenaire d\u2019affaires[\/vc_custom_heading][vc_button button_color=\u00a0\u00bbcolor-682070&Prime; hover_fx=\u00a0\u00bboutlined\u00a0\u00bb outline=\u00a0\u00bbyes\u00a0\u00bb custom_typo=\u00a0\u00bbyes\u00a0\u00bb font_family=\u00a0\u00bbfont-513521&Prime; font_weight=\u00a0\u00bb500&Prime; border_width=\u00a0\u00bb0&Prime; button_color_type=\u00a0\u00bbuncode-palette\u00a0\u00bb uncode_shortcode_id=\u00a0\u00bb770028&Prime; link=\u00a0\u00bburl:https%3A%2F%2Fmarkakis.ca%2Ffr%2Fexpertise%2F|title:Expertise\u00a0\u00bb]D\u00c9COUVREZ NOTRE EXPERTISE[\/vc_button][\/vc_column][\/vc_row]<\/p>\n","protected":false},"excerpt":{"rendered":"<p>[vc_row unlock_row_content=\u00a0\u00bbyes\u00a0\u00bb row_height_percent=\u00a0\u00bb0&Prime; overlay_alpha=\u00a0\u00bb50&Prime; gutter_size=\u00a0\u00bb3&Prime; column_width_percent=\u00a0\u00bb100&Prime; border_color=\u00a0\u00bbcolor-682070&Prime; border_style=\u00a0\u00bbsolid\u00a0\u00bb shift_y=\u00a0\u00bb0&Prime; z_index=\u00a0\u00bb0&Prime; uncode_shortcode_id=\u00a0\u00bb161576&Prime; css=\u00a0\u00bb.vc_custom_1673961707291{border-top-width: 10px !important;}\u00a0\u00bb border_color_type=\u00a0\u00bbuncode-palette\u00a0\u00bb][vc_column width=\u00a0\u00bb1\/1&Prime;][\/vc_column][\/vc_row][vc_row row_height_percent=\u00a0\u00bb0&Prime; overlay_alpha=\u00a0\u00bb50&Prime; gutter_size=\u00a0\u00bb3&Prime; column_width_percent=\u00a0\u00bb100&Prime; [&hellip;]<\/p>\n","protected":false},"author":1,"featured_media":0,"parent":0,"menu_order":0,"comment_status":"closed","ping_status":"open","template":"","meta":{"footnotes":""},"class_list":["post-283","page","type-page","status-publish","hentry"],"yoast_head":"<!-- This site is optimized with the Yoast SEO plugin v20.1 - https:\/\/yoast.com\/wordpress\/plugins\/seo\/ -->\n<title>Home - Markakis &amp; Co. Inc<\/title>\n<meta name=\"robots\" content=\"index, follow, max-snippet:-1, max-image-preview:large, max-video-preview:-1\" \/>\n<link rel=\"canonical\" href=\"https:\/\/markakis.ca\/fr\/\" \/>\n<meta property=\"og:locale\" content=\"fr_FR\" \/>\n<meta property=\"og:type\" content=\"article\" \/>\n<meta property=\"og:title\" content=\"Home - Markakis &amp; Co. Inc\" \/>\n<meta property=\"og:description\" content=\"[vc_row unlock_row_content=\u00a0\u00bbyes\u00a0\u00bb row_height_percent=\u00a0\u00bb0&Prime; overlay_alpha=\u00a0\u00bb50&Prime; gutter_size=\u00a0\u00bb3&Prime; column_width_percent=\u00a0\u00bb100&Prime; border_color=\u00a0\u00bbcolor-682070&Prime; border_style=\u00a0\u00bbsolid\u00a0\u00bb shift_y=\u00a0\u00bb0&Prime; z_index=\u00a0\u00bb0&Prime; uncode_shortcode_id=\u00a0\u00bb161576&Prime; css=\u00a0\u00bb.vc_custom_1673961707291{border-top-width: 10px !important;}\u00a0\u00bb border_color_type=\u00a0\u00bbuncode-palette\u00a0\u00bb][vc_column width=\u00a0\u00bb1\/1&Prime;][\/vc_column][\/vc_row][vc_row row_height_percent=\u00a0\u00bb0&Prime; overlay_alpha=\u00a0\u00bb50&Prime; gutter_size=\u00a0\u00bb3&Prime; column_width_percent=\u00a0\u00bb100&Prime; [&hellip;]\" \/>\n<meta property=\"og:url\" content=\"https:\/\/markakis.ca\/fr\/\" \/>\n<meta property=\"og:site_name\" content=\"Markakis &amp; Co. Inc\" \/>\n<meta property=\"article:modified_time\" content=\"2023-02-19T20:05:21+00:00\" \/>\n<meta name=\"twitter:card\" content=\"summary_large_image\" \/>\n<meta name=\"twitter:label1\" content=\"Dur\u00e9e de lecture estim\u00e9e\" \/>\n\t<meta name=\"twitter:data1\" content=\"2 minutes\" \/>\n<script type=\"application\/ld+json\" class=\"yoast-schema-graph\">{\"@context\":\"https:\/\/schema.org\",\"@graph\":[{\"@type\":\"WebPage\",\"@id\":\"https:\/\/markakis.ca\/fr\/\",\"url\":\"https:\/\/markakis.ca\/fr\/\",\"name\":\"Home - Markakis &amp; Co. Inc\",\"isPartOf\":{\"@id\":\"https:\/\/markakis.ca\/#website\"},\"datePublished\":\"2023-02-03T17:18:32+00:00\",\"dateModified\":\"2023-02-19T20:05:21+00:00\",\"breadcrumb\":{\"@id\":\"https:\/\/markakis.ca\/fr\/#breadcrumb\"},\"inLanguage\":\"fr-FR\",\"potentialAction\":[{\"@type\":\"ReadAction\",\"target\":[\"https:\/\/markakis.ca\/fr\/\"]}]},{\"@type\":\"BreadcrumbList\",\"@id\":\"https:\/\/markakis.ca\/fr\/#breadcrumb\",\"itemListElement\":[{\"@type\":\"ListItem\",\"position\":1,\"name\":\"Home\",\"item\":\"https:\/\/markakis.ca\/fr\/\"},{\"@type\":\"ListItem\",\"position\":2,\"name\":\"Home\"}]},{\"@type\":\"WebSite\",\"@id\":\"https:\/\/markakis.ca\/#website\",\"url\":\"https:\/\/markakis.ca\/\",\"name\":\"Markakis & Co. Inc.\",\"description\":\"Markakis &amp; Co. Inc, is a Business Law Practice located in Montreal, Canada.\",\"publisher\":{\"@id\":\"https:\/\/markakis.ca\/#organization\"},\"potentialAction\":[{\"@type\":\"SearchAction\",\"target\":{\"@type\":\"EntryPoint\",\"urlTemplate\":\"https:\/\/markakis.ca\/?s={search_term_string}\"},\"query-input\":\"required name=search_term_string\"}],\"inLanguage\":\"fr-FR\"},{\"@type\":\"Organization\",\"@id\":\"https:\/\/markakis.ca\/#organization\",\"name\":\"Markakis & Co. Inc.\",\"url\":\"https:\/\/markakis.ca\/\",\"logo\":{\"@type\":\"ImageObject\",\"inLanguage\":\"fr-FR\",\"@id\":\"https:\/\/markakis.ca\/#\/schema\/logo\/image\/\",\"url\":\"https:\/\/markakis.ca\/wp-content\/uploads\/2023\/02\/Markakis-Logo.png\",\"contentUrl\":\"https:\/\/markakis.ca\/wp-content\/uploads\/2023\/02\/Markakis-Logo.png\",\"width\":1000,\"height\":486,\"caption\":\"Markakis & Co. Inc.\"},\"image\":{\"@id\":\"https:\/\/markakis.ca\/#\/schema\/logo\/image\/\"},\"sameAs\":[\"https:\/\/www.linkedin.com\/in\/angela-markakis-68187b\/\"]}]}<\/script>\n<!-- \/ Yoast SEO plugin. -->","yoast_head_json":{"title":"Home - Markakis &amp; Co. Inc","robots":{"index":"index","follow":"follow","max-snippet":"max-snippet:-1","max-image-preview":"max-image-preview:large","max-video-preview":"max-video-preview:-1"},"canonical":"https:\/\/markakis.ca\/fr\/","og_locale":"fr_FR","og_type":"article","og_title":"Home - Markakis &amp; Co. Inc","og_description":"[vc_row unlock_row_content=\u00a0\u00bbyes\u00a0\u00bb row_height_percent=\u00a0\u00bb0&Prime; overlay_alpha=\u00a0\u00bb50&Prime; gutter_size=\u00a0\u00bb3&Prime; column_width_percent=\u00a0\u00bb100&Prime; border_color=\u00a0\u00bbcolor-682070&Prime; border_style=\u00a0\u00bbsolid\u00a0\u00bb shift_y=\u00a0\u00bb0&Prime; z_index=\u00a0\u00bb0&Prime; uncode_shortcode_id=\u00a0\u00bb161576&Prime; css=\u00a0\u00bb.vc_custom_1673961707291{border-top-width: 10px !important;}\u00a0\u00bb border_color_type=\u00a0\u00bbuncode-palette\u00a0\u00bb][vc_column width=\u00a0\u00bb1\/1&Prime;][\/vc_column][\/vc_row][vc_row row_height_percent=\u00a0\u00bb0&Prime; overlay_alpha=\u00a0\u00bb50&Prime; gutter_size=\u00a0\u00bb3&Prime; column_width_percent=\u00a0\u00bb100&Prime; [&hellip;]","og_url":"https:\/\/markakis.ca\/fr\/","og_site_name":"Markakis &amp; Co. Inc","article_modified_time":"2023-02-19T20:05:21+00:00","twitter_card":"summary_large_image","twitter_misc":{"Dur\u00e9e de lecture estim\u00e9e":"2 minutes"},"schema":{"@context":"https:\/\/schema.org","@graph":[{"@type":"WebPage","@id":"https:\/\/markakis.ca\/fr\/","url":"https:\/\/markakis.ca\/fr\/","name":"Home - Markakis &amp; Co. Inc","isPartOf":{"@id":"https:\/\/markakis.ca\/#website"},"datePublished":"2023-02-03T17:18:32+00:00","dateModified":"2023-02-19T20:05:21+00:00","breadcrumb":{"@id":"https:\/\/markakis.ca\/fr\/#breadcrumb"},"inLanguage":"fr-FR","potentialAction":[{"@type":"ReadAction","target":["https:\/\/markakis.ca\/fr\/"]}]},{"@type":"BreadcrumbList","@id":"https:\/\/markakis.ca\/fr\/#breadcrumb","itemListElement":[{"@type":"ListItem","position":1,"name":"Home","item":"https:\/\/markakis.ca\/fr\/"},{"@type":"ListItem","position":2,"name":"Home"}]},{"@type":"WebSite","@id":"https:\/\/markakis.ca\/#website","url":"https:\/\/markakis.ca\/","name":"Markakis & Co. Inc.","description":"Markakis &amp; Co. Inc, is a Business Law Practice located in Montreal, Canada.","publisher":{"@id":"https:\/\/markakis.ca\/#organization"},"potentialAction":[{"@type":"SearchAction","target":{"@type":"EntryPoint","urlTemplate":"https:\/\/markakis.ca\/?s={search_term_string}"},"query-input":"required name=search_term_string"}],"inLanguage":"fr-FR"},{"@type":"Organization","@id":"https:\/\/markakis.ca\/#organization","name":"Markakis & Co. Inc.","url":"https:\/\/markakis.ca\/","logo":{"@type":"ImageObject","inLanguage":"fr-FR","@id":"https:\/\/markakis.ca\/#\/schema\/logo\/image\/","url":"https:\/\/markakis.ca\/wp-content\/uploads\/2023\/02\/Markakis-Logo.png","contentUrl":"https:\/\/markakis.ca\/wp-content\/uploads\/2023\/02\/Markakis-Logo.png","width":1000,"height":486,"caption":"Markakis & Co. Inc."},"image":{"@id":"https:\/\/markakis.ca\/#\/schema\/logo\/image\/"},"sameAs":["https:\/\/www.linkedin.com\/in\/angela-markakis-68187b\/"]}]}},"_links":{"self":[{"href":"https:\/\/markakis.ca\/fr\/wp-json\/wp\/v2\/pages\/283","targetHints":{"allow":["GET"]}}],"collection":[{"href":"https:\/\/markakis.ca\/fr\/wp-json\/wp\/v2\/pages"}],"about":[{"href":"https:\/\/markakis.ca\/fr\/wp-json\/wp\/v2\/types\/page"}],"author":[{"embeddable":true,"href":"https:\/\/markakis.ca\/fr\/wp-json\/wp\/v2\/users\/1"}],"replies":[{"embeddable":true,"href":"https:\/\/markakis.ca\/fr\/wp-json\/wp\/v2\/comments?post=283"}],"version-history":[{"count":6,"href":"https:\/\/markakis.ca\/fr\/wp-json\/wp\/v2\/pages\/283\/revisions"}],"predecessor-version":[{"id":332,"href":"https:\/\/markakis.ca\/fr\/wp-json\/wp\/v2\/pages\/283\/revisions\/332"}],"wp:attachment":[{"href":"https:\/\/markakis.ca\/fr\/wp-json\/wp\/v2\/media?parent=283"}],"curies":[{"name":"wp","href":"https:\/\/api.w.org\/{rel}","templated":true}]}}